{"id":5606,"date":"2015-06-04T08:34:20","date_gmt":"2015-06-04T06:34:20","guid":{"rendered":"https:\/\/website.ifit.li\/?page_id=5606"},"modified":"2022-06-02T11:03:10","modified_gmt":"2022-06-02T09:03:10","slug":"willkommen","status":"publish","type":"page","link":"https:\/\/website.ifit.li\/?page_id=5606","title":{"rendered":"Willkommen"},"content":{"rendered":"<h2>Herzlich willkommen<\/h2>\n<p>Herzlich willkommen beim iFIT Kirchenportal 2011-2017 (Archiv), welches Ende 2017 sistiert wurde. Diese Website wurde deshalb nur als Archiv Stand Ende 2017 wieder zur Verf\u00fcgung gestellt. Es kann sein, dass dieser oder jener Blog-Artikel repariert werden muss, jedoch redaktionell sollten keine \u00c4nderungen mehr erfolgen.<\/p>\n<p>Der <a href=\"mailto:web@ifit.ch\">Webmaster<\/a> (Click &#171;Webmaster&#187; to send an eMail)<br \/>\n\u00a9 Copyright 2003-2022 by <a href=\"https:\/\/www.ifit.ch\" target=\"_blank\" rel=\"noopener\"><u>iFIT<\/u><\/a>.<\/p>\n<h2>Motivation f\u00fcr diesen Blog sowie rechtliche und andere Hinweise<\/h2>\n<p>Ende 2014 habe ich mich entschlossen, wieder online aktiv zu werden und echtes Multimedia zu betreiben, wie ich das 1994\/95 mit dem <a href=\"https:\/\/website.ifit.li\/?attachment_id=6842\" target=\"_blank\" rel=\"attachment noopener wp-att-6842\">ADAM Online Service<\/a> schon initiiert habe: also Dokumente mit Foto, Audio und Video innerhalb von Blog-Artikeln und anderen Webseiten zu publizieren und mit Hilfe von Kategorien und Tags (Schlagworten) zu strukturieren. Aber wichtig war mir stets, dass in in allen Dokumenten die r\u00f6misch-katholische Lehre sichtbar und erkennbar sein sollte. Ermutigt zum Neuanfang wurde ich durch die Artikel <a href=\"https:\/\/website.ifit.li\/?p=34\" target=\"_blank\" rel=\"noopener\">Portale der Wahrheit und des Glaubens<\/a> und\u00a0<a href=\"https:\/\/website.ifit.li\/?p=38\" target=\"_blank\" rel=\"noopener\">Habt keine Angst, B\u00fcrger der digitalen Umwelt zu werden<\/a>\u00a0vom em. Papst Benedikt XVI., der Papstbotschaft zum Gedenktag des hl. Franz von Sales vom 24. Januar 2014. Darin hat mich der folgende Abschnitt beeindruckt:<\/p>\n<blockquote><p>Wie kann also die Kommunikation im Dienst einer authentischen Kultur der Begegnung stehen? Und was bedeutet es f\u00fcr uns J\u00fcnger des Herrn, einem Menschen im Sinne des Evangeliums zu begegnen? Wie ist es trotz aller unserer Grenzen und S\u00fcnden m\u00f6glich, dass wir wirklich einander nahe sind? Diese Fragen lassen sich zusammenfassen in jener, die eines Tages ein Schriftgelehrter, also ein Kommunikator, an Jesus richtete: \u201eUnd wer ist mein N\u00e4chster?\u201c (vgl. <a title=\"Lk 10, 29\" href=\"http:\/\/www.bibleserver.com\/text\/EU\/Lukas10.29\" target=\"_blank\" rel=\"noopener\">Lk 10, 29<\/a>). Diese Frage hilft uns, Kommunikation im Sinne von \u201eN\u00e4chster sein\u201c zu verstehen. Wir k\u00f6nnten das so \u00fcbersetzen: Wie zeigt sich \u201eN\u00e4chster sein\u201c im Gebrauch der Kommunikationsmittel und in der neuen Umwelt, die von den digitalen Technologien geschaffen wird? Ich finde eine Antwort im Gleichnis vom barmherzigen Samariter, das auch ein Gleichnis f\u00fcr den Kommunikator ist. Wer n\u00e4mlich kommuniziert, eine Verbindung aufnimmt, macht sich zum N\u00e4chsten. Und der barmherzige Samariter macht sich nicht nur zum N\u00e4chsten, sondern er sorgt sich um jenen Menschen, den er halb tot am Stra\u00dfenrand sieht. Jesus kehrt die Perspektive um: Es geht nicht darum, den anderen als meinesgleichen anzuerkennen, sondern um meine F\u00e4higkeit, mich dem anderen gleich zu machen. Kommunizieren bedeutet also, sich bewusst machen, dass wir Mitmenschen sind, Kinder Gottes. Ich definiere diese Macht der Kommunikation gerne als \u201eN\u00e4chster sein\u201c.<\/p><\/blockquote>\n<p>Als Blogger m\u00f6chte ich mich ausserdem an den <a title=\"Ehrenkodex f\u00fcr Journalisten\" href=\"https:\/\/website.ifit.li\/?p=17\" target=\"_blank\" rel=\"noopener\"><span style=\"text-decoration: underline;\"><span style=\"color: #0066cc;\" data-darkreader-inline-color=\"\">Ehrenkodex f\u00fcr Journalisten<\/span><\/span><\/a> und die\u00a0<a href=\"http:\/\/weisheit.phil-splitter.com\/html\/die_drei_siebe_des_sokrates.html\" target=\"_blank\" rel=\"noopener\">Drei Siebe von Sokrates<\/a> halten.<\/p>\n<h3>Wie finden Sie sich zurecht in (m)einem Blog?<\/h3>\n<p>Die <a href=\"https:\/\/website.ifit.li\/\" target=\"_blank\" rel=\"noopener\">iFIT Website<\/a> hat eine Blog-Struktur! <a title=\"Was ist ein Blog?\" href=\"http:\/\/de.wikipedia.org\/wiki\/Blog\" target=\"_blank\" rel=\"noopener\"><u><span style=\"color: #0066cc;\" data-darkreader-inline-color=\"\">Was ist ein Blog?<\/span><\/u><\/a>\u00a0An den Anfangspunkt kommen Sie immer, wenn Sie auf dem Display oben links auf den Schriftzug <a href=\"https:\/\/website.ifit.li\/\" target=\"_blank\" rel=\"noopener\">IFIT Kirchenportal 2011-2017<\/a> oder im Men\u00fc auf <a href=\"https:\/\/website.ifit.li\/\" target=\"_blank\" rel=\"noopener\">Home<\/a> klicken.<\/p>\n<p>Das Layout ist hier 3spaltig. Links orientieren Sie sich im grossen Stil, wo Sie hinm\u00f6chten. In der Mitte befinden sich die Blog-Artikel, wo eine bestimmte Anzahl \u2013 je nachdem, ob Sie den (Smartphone-)Bildschirm quer- oder hochhalten \u2013 Blog-Artikel aufgelistet werden. W\u00e4hlen Sie zum Beispiel links in der Dropdownbox &#171;KATEGORIEN&#187; eine Kategorie. Klappen Sie dazu die Dropdownbox mit Klick auf den Pfeil, der nach unten zeigt. Oder links unten befindet sich auch das Archiv (&#171;ARCHIVE&#187;), wo Sie gezielt einen Monat anklicken k\u00f6nnen. \u00a0Durch diese Einschr\u00e4nkungen lassen sich beispielsweise die Auswahlkriterien anpassen. Oben unter dem Header-Bild befinden sich Men\u00fcpunkte. wie <a href=\"https:\/\/website.ifit.li\/?page_id=5035\" target=\"_blank\" rel=\"noopener\">AKTUELLES<\/a>,\u00a0<a href=\"https:\/\/website.ifit.li\/?page_id=24\" target=\"_blank\" rel=\"noopener\">LINKOTHEK<\/a> oder das <a href=\"https:\/\/website.ifit.li\/?page_id=7\" target=\"_blank\" rel=\"noopener\">IMPRESSUM<\/a>. Die\u00a0<a href=\"https:\/\/website.ifit.li\/?page_id=24\" target=\"_blank\" rel=\"noopener\">LINKOTHEK<\/a> wird regelm\u00e4ssig \u00fcberarbeitet und nach verschiedenen Kategorien gruppiert. Beispiele sind\u00a0die Kategorien wie Unterscheidung der Geister, Theologie des Leibes, Exerzitien, Kirche in Not und\u00a0viele andere n\u00fctzliche Links. Zugegeben, die <a href=\"https:\/\/website.ifit.li\/?page_id=24\" target=\"_blank\" rel=\"noopener\">LINKOTHEK<\/a> ist etwas versteckt im Hintergrund, aber es lohnt sich, da immer wieder mal reinzuschauen. Wenn Sie Feedback geben oder uns kontaktieren wollen,\u00a0 rufen Sie bitte den Kontakbereich des <a href=\"https:\/\/website.ifit.li\/?page_id=7\" target=\"_blank\" rel=\"noopener\">IMPRESSUM<\/a>s auf. Vielen Dank!<\/p>\n<h3>Wie? Ein Blog ohne Werbung, ohne Einkommen?<\/h3>\n<p>Ja, zur Zeit komme ich aus ohne Werbung. Mein Blog ist nicht nur ohne Werbung, sondern auch ohne Einkommen. Das System basiert eigentlich auf zwei Teilen:<\/p>\n<ol>\n<li>auf einer Sammlung von eigenen Dokumenten, die in Form von traditionellen Texten und Bildern bestehen (Blog-Artikel), kombiniert mit verlinkten Audio- und\/oder Videodokumenten.<\/li>\n<li>auf einer Sammlung von Dokumenten (Internet-Links), die nach Kategorien geordnet, in der <a href=\"https:\/\/website.ifit.li\/?page_id=24\" target=\"_blank\" rel=\"noopener\">LINKOTHEK<\/a> abgebildet werden.<\/li>\n<\/ol>\n<h3>Unerlaubtes Eindringen in Computersysteme<\/h3>\n<p>Bitte nehmen Sie zur Kenntnis, dass das unerlaubte Eindringen in Computersysteme oder entsprechende Versuche strafbar sind. Siehe Linkothek: <a title=\"Computer Fraud and Abuse Act (CFAA)\" href=\"http:\/\/gpo.gov\/fdsys\/pkg\/USCODE-2010-title18\/html\/USCODE-2010-title18-partI-chap47-sec1030.htm\" target=\"_blank\" rel=\"noopener\">Computer Fraud and Abuse Act (CFAA)<\/a>. Wenn also Black Hats (kriminelle Hacker)\u00a0meinen Mail Server oder andere Webanwendungen illegal zu\u00a0Nutze machen, muss dies gemeldet werden. Stillschweigen n\u00fctzt hier niemandem etwas.\u00a0Hier ein wichtiger Link in diesem Zusammenhang:\u00a0<a id=\"link-370\" class=\"track_this_link \" title=\"Der Eidgen\u00f6ssische Datenschutz- und \u00d6ffentlichkeitsbeauftragte hat im Bereich Datenschutz u.a. auch die Aufgabe, Privatpersonen zu beaufsichtigen und zu beraten. (Last updated September 4, 2015 2:12 pm)\" href=\"http:\/\/www.edoeb.admin.ch\/\" target=\"_blank\" rel=\"noopener\"><u><span style=\"color: #0066cc;\" data-darkreader-inline-color=\"\">Eidgen\u00f6ssischer Datenschutz- und \u00d6ffentlichkeitsbeauftragter (ED\u00d6B)<\/span><\/u><\/a>. Andere \u00a0Links mit weiterf\u00fchrenden Informationen finden Sie in der\u00a0<a href=\"https:\/\/website.ifit.li\/?page_id=24\">LINKOTHEK<\/a> unter Kategorie &#171;Sicherheit&#187;.<\/p>\n<h3>Warnung<\/h3>\n<p>Aufgrund heutiger M\u00f6glichkeiten, Webseiten und Blogs zu manipulieren, wird ausdr\u00fccklich davor gewarnt, dass Inhalte, Links, Bilder\u00a0und Texte in ihrer urspr\u00fcnglichen Bedeutung und Intention ge\u00e4ndert werden k\u00f6nnen. Das mag entt\u00e4uschend sein, ist aber leider so! Darum sei der Anwender\u00a0immer besonders vorsichtig und pr\u00fcfe stets die Plausibilit\u00e4t\u00a0der besuchten Seiten!\u00a0Der Gesetzgeber k\u00fcmmert sich leider auch zu wenig um die Authentifizierung von Websites und den Schutz vor Hackerangriffen. Aber wie wird die Plausibilit\u00e4t von Webeiten inhaltlich\u00a0am besten gepr\u00fcft? (<a href=\"https:\/\/kopfundstift.de\/website-webseite-unterschied\/#:~:text=Website%20und%20Webseite%20werden%20h%C3%A4ufig,eine%20einzige%20HTML%2DDatei%20bzw.\"><span style=\"color: #0066cc;\" data-darkreader-inline-color=\"\">Was ist der Unterschied zwischen Website und Webseite?<\/span><\/a>) In der Regel sind meine Blog-Artikel mit weiteren Hinweisen und\u00a0Quellen versehen: <span style=\"color: #ff0000;\" data-darkreader-inline-color=\"\"><strong>Meine Blog-Artikel &#8211; weitere Hinweise\u00a0und Quellen inbegriffen &#8211; <b><span style=\"color: #ff0000;\" data-darkreader-inline-color=\"\">sollten <\/span><\/b>mit der r\u00f6misch-katholischen\u00a0Lehre NICHT im Widerspruch stehen!<\/strong><span style=\"color: #000000;\" data-darkreader-inline-color=\"\"> Ein Versehen oder ein Irrtum kann aber nicht ausgeschossen werden, obwohl ich mich an den <a href=\"https:\/\/website.ifit.li\/?p=17\">Ehrenkodex f\u00fcr Journalisten<\/a> halte. Entsprechende Meldungen und Hinweise k\u00f6nnen aber an den <a href=\"mailto:web@ifit.ch\" target=\"_blank\" rel=\"noopener\">Webmaster<\/a> gerichtet werden. Danke<\/span><\/span><\/p>\n","protected":false},"excerpt":{"rendered":"<p>Herzlich willkommen Herzlich willkommen beim iFIT Kirchenportal 2011-2017 (Archiv), welches Ende 2017 sistiert wurde. Diese Website wurde deshalb nur als Archiv Stand Ende 2017 wieder zur Verf\u00fcgung gestellt. Es kann sein, dass dieser oder jener Blog-Artikel repariert werden muss, jedoch redaktionell sollten keine \u00c4nderungen mehr erfolgen. Der Webmaster (Click &#171;Webmaster&#187; to send an eMail) \u00a9 &hellip; <a href=\"https:\/\/website.ifit.li\/?page_id=5606\" class=\"more-link\"><span class=\"screen-reader-text\">Willkommen<\/span> weiterlesen <span class=\"meta-nav\">&rarr;<\/span><\/a><\/p>\n","protected":false},"author":1,"featured_media":6339,"parent":0,"menu_order":0,"comment_status":"closed","ping_status":"closed","template":"","meta":{"footnotes":""},"class_list":["post-5606","page","type-page","status-publish","has-post-thumbnail","hentry"],"_links":{"self":[{"href":"https:\/\/website.ifit.li\/index.php?rest_route=\/wp\/v2\/pages\/5606","targetHints":{"allow":["GET"]}}],"collection":[{"href":"https:\/\/website.ifit.li\/index.php?rest_route=\/wp\/v2\/pages"}],"about":[{"href":"https:\/\/website.ifit.li\/index.php?rest_route=\/wp\/v2\/types\/page"}],"author":[{"embeddable":true,"href":"https:\/\/website.ifit.li\/index.php?rest_route=\/wp\/v2\/users\/1"}],"replies":[{"embeddable":true,"href":"https:\/\/website.ifit.li\/index.php?rest_route=%2Fwp%2Fv2%2Fcomments&post=5606"}],"version-history":[{"count":55,"href":"https:\/\/website.ifit.li\/index.php?rest_route=\/wp\/v2\/pages\/5606\/revisions"}],"predecessor-version":[{"id":39143,"href":"https:\/\/website.ifit.li\/index.php?rest_route=\/wp\/v2\/pages\/5606\/revisions\/39143"}],"wp:featuredmedia":[{"embeddable":true,"href":"https:\/\/website.ifit.li\/index.php?rest_route=\/wp\/v2\/media\/6339"}],"wp:attachment":[{"href":"https:\/\/website.ifit.li\/index.php?rest_route=%2Fwp%2Fv2%2Fmedia&parent=5606"}],"curies":[{"name":"wp","href":"https:\/\/api.w.org\/{rel}","templated":true}]}}