{"id":2,"date":"2023-05-15T15:33:08","date_gmt":"2023-05-15T13:33:08","guid":{"rendered":"https:\/\/ifit.ch\/?page_id=2"},"modified":"2024-01-28T18:03:48","modified_gmt":"2024-01-28T17:03:48","slug":"impressum","status":"publish","type":"page","link":"https:\/\/website.ifit.li\/?page_id=2","title":{"rendered":"Impressum"},"content":{"rendered":"\n<h2 class=\"wp-block-heading has-text-align-center\">21 Jahre<br>Institut f\u00fcr Internet Technologie (iFIT)<\/h2>\n\n\n\n<ul class=\"wp-block-list\">\n<li>Im Jahr 2023 konnte ich als selbst\u00e4ndiger Dipl. Ing. FH in Systemtechnik und Freier Fachjournalist BR (<a href=\"https:\/\/www.fachjournalisten.org\/about\/\" target=\"_blank\" rel=\"noreferrer noopener\">VIF<\/a>, <a href=\"http:\/\/www.sfj-ajs.ch\/de\/home\/\" target=\"_blank\" rel=\"noreferrer noopener\">SJF<\/a>) das Jubil\u00e4um \u00ab20 Jahre iFIT\u00bb feiern. Nun sind es doch schon 20 Jahre geworden und ich freue mich sehr, dass ich schon 2003 die Entwicklung des Internets ein wenig antizipiert habe, obwohl ich eigentlich bereits im Jahre 1995 meine erste Homepage (siehe \u00ab<a href=\"https:\/\/website.ifit.li\/wp-content\/uploads\/2016\/03\/TS-Nr.-1-1995-Medienserver-gibt-Zugang-frei-f%C3%BCr-die-%C3%96ffentlichkeit.pdf\" target=\"_blank\" rel=\"noreferrer noopener\">ADAM Online Service<\/a>\u00bb) programmiert habe.<\/li>\n\n\n\n<li>Das Institut f\u00fcr Internet Technologie (Institute for Internet Technoloy) <a rel=\"noreferrer noopener\" href=\"https:\/\/ifit.ch\/\" target=\"_blank\">iFIT<\/a> \u00fcberpr\u00fcft &#8211; wie der Name andeutet &#8211; aktuelle Technologien rund ums Internet und realisiert mit der bestehenden Infrastruktur und im Rahmen des M\u00f6glichen eigene \u00b5Projekte, vorwiegend mit Single Board Computer (kurz: SBC).<\/li>\n<\/ul>\n\n\n\n<ul class=\"wp-block-list\">\n<li>Ein ernstzunehmendes Projekt, das neuerdings auf einem Ubuntu Server 22.04 LTS l\u00e4uft, ist <a rel=\"noreferrer noopener\" href=\"https:\/\/mailinabox.email\/\" target=\"_blank\">Mail-in-a-Box<\/a>. Sie erlaubt, unabh\u00e4ngig von einem zus\u00e4tzlichen Dienstleister, meist DNS Service Provider genannt, zwischen Registrar (<a rel=\"noreferrer noopener\" href=\"https:\/\/www.swizzonic.ch\/\" target=\"_blank\">Swizzonic<\/a>, <a rel=\"noreferrer noopener\" href=\"https:\/\/www.whois.com\/\" target=\"_blank\">Whois<\/a>) und einem Mailbox-Betreiber (hier <a rel=\"noreferrer noopener\" href=\"https:\/\/www.ifit.ch\" target=\"_blank\">iFIT<\/a>) zu agieren. Das ist meines Erachtens eine echt brauchbare L\u00f6sung. Sie gibt es mittlerweile f\u00fcr die Domains <a rel=\"noreferrer noopener\" href=\"https:\/\/www.ifit.ch\" target=\"_blank\">ifit.ch<\/a>, <a href=\"https:\/\/ifit.at\" target=\"_blank\" rel=\"noreferrer noopener\">ifit.at<\/a> und <a rel=\"noreferrer noopener\" href=\"https:\/\/www.ifit.click\" target=\"_blank\">ifit.click<\/a> mit den entsprechenden Custom DNS, eMail-Adressen und Nextcloud Contact &amp; Calender. Sie l\u00e4uft jeweils direkt \u00fcber den Registrar (<a rel=\"noreferrer noopener\" href=\"https:\/\/www.swizzonic.ch\/\" target=\"_blank\">Swizzonic<\/a>, <a rel=\"noreferrer noopener\" href=\"https:\/\/www.whois.com\/\" target=\"_blank\">Whois<\/a>) via <a rel=\"noreferrer noopener\" href=\"https:\/\/de.wikipedia.org\/wiki\/Domain_Name_System_Security_Extensions\" target=\"_blank\">DNSSEC<\/a>!<\/li>\n\n\n\n<li>Parallel zur <a rel=\"noreferrer noopener\" href=\"https:\/\/mailinabox.email\/\" target=\"_blank\">Mail-in-a-Box<\/a> wollte ich schon immer auch einen eigenen Mailserver bauen. Das ist mir auch gelungen mit dem Projekt \u00ab<a rel=\"noreferrer noopener\" href=\"https:\/\/www.ifit.at\/?p=157\" target=\"_blank\">Unm\u00f6glicher P\u00f6stler mit Ecken und Kanten<\/a>\u00bb. Aber wie der Projektname andeutet, ist und war dieses Vorhaben mit &#171;Ecken und Kanten&#187; verbunden. Mit Hilfe von <a rel=\"noreferrer noopener\" href=\"https:\/\/www.haproxy.com\/\" target=\"_blank\">HAProxy<\/a> ist es mir jedoch gelungen, den Mailserver hinter dem Firewall zu plazieren. Dieser Schritt ist jedoch (noch) nicht dokumentiert. <\/li>\n<\/ul>\n\n\n\n<h2 class=\"wp-block-heading\">Informatik-Infrastruktur &#8230;<\/h2>\n\n\n\n<ul class=\"wp-block-list\">\n<li>Die &#171;produktive&#187; Systemumgebung von iFIT besteht aus einem 10-Gbps-Download-\/10-Gbps-Upload-Zugang, pfSense Firewall mit eigener <a href=\"https:\/\/docs.netgate.com\/pfsense\/en\/latest\/certificates\/ca.html\" target=\"_blank\" rel=\"noreferrer noopener\">CA<\/a> und <a href=\"https:\/\/docs.netgate.com\/pfsense\/en\/latest\/packages\/openvpn-client-export.html\" target=\"_blank\" rel=\"noreferrer noopener\">OpenVPN Client Export<\/a>, <a href=\"https:\/\/www.haproxy.com\/\" target=\"_blank\" rel=\"noreferrer noopener\">HAProxy<\/a> (<a href=\"https:\/\/de.wikipedia.org\/wiki\/Server_Name_Indication\" target=\"_blank\" rel=\"noreferrer noopener\">SNI<\/a>) und <a href=\"https:\/\/de.wikipedia.org\/wiki\/Intrusion_Prevention_System\" target=\"_blank\" rel=\"noreferrer noopener\">IDS\/IPS<\/a>, sechs 64-Bit Webserver, zwei 64-Bit Nextcloud Server, 1 NAS (Network Attached Storage), 1 Blockchain Bitcoin Mainnet mit \u00fcber 4048 Blocks (Stand: 27.01.2024), der LND Lightning Node ist z.Z. sistiert.<\/li>\n\n\n\n<li>Neben dem Raspberry Pi OS 64-Bit gibt es auch das 64-Bit Desktop oder Server <a href=\"https:\/\/ubuntu.com\/download\/raspberry-pi\" target=\"_blank\" rel=\"noreferrer noopener\">Ubuntu 22.04 LTS f\u00fcr Raspberry Pi<\/a>. Dadurch wird die 64-Bit-Architektur der AMD-Prozessoren in vielen PCs und die ARM-Prozessoren von Raspberry Pi der Modelle 2 (v1.2), 3 und 4 besser ausgenutzt! F\u00fcr 32-Bit-Server ist aber auch Debian 12 oder h\u00f6her verf\u00fcgbar. Leider ist der Raspberry Pi 5 noch nicht \u00fcberall lieferbar.<\/li>\n\n\n\n<li>Die Testumgebung verf\u00fcgt \u00fcber die normale Geschwindigkeit von bis zu 200-\/20-Mbps (Download\/Upload), 3 <a href=\"https:\/\/de.wikipedia.org\/wiki\/Network_Attached_Storage\" target=\"_blank\" rel=\"noreferrer noopener\">NAS<\/a> mit bis zu 33 TB, 2 <a href=\"https:\/\/ubuntu.com\/download\/desktop\" target=\"_blank\" rel=\"noreferrer noopener\">Ubuntu 22.04 LTS Desktop 64-Bit f\u00fcr AMD<\/a>, 1 Penetration-Testsystem <a href=\"https:\/\/www.kali.org\/\" target=\"_blank\" rel=\"noreferrer noopener\">Kali Linux<\/a> 2023.2 64-Bit AMD zum Testen der eigenen Infrastruktur, einige Windows Clients und sehr viel Zubeh\u00f6r (Router, Switches, Ethernet-Kabel, &#8230;)<\/li>\n<\/ul>\n\n\n\n<h2 class=\"wp-block-heading\"><a rel=\"noreferrer noopener\" href=\"https:\/\/www.raspberrypi.org\/\" target=\"_blank\">Raspberry Pi<\/a> \u00b5Projekte &#8230;<\/h2>\n\n\n\n<ul class=\"wp-block-list\">\n<li>Eigene <a href=\"https:\/\/de.wikipedia.org\/wiki\/LAMP_(Softwarepaket)\" target=\"_blank\" rel=\"noreferrer noopener\">LAMP<\/a>-Webserver: <a href=\"https:\/\/ifit.ch\/\" target=\"_blank\" rel=\"noreferrer noopener\">ifit.ch<\/a> (iFIT Schweiz mit Mail Server @ifit.ch), <a href=\"https:\/\/www.ifit.li\/\" target=\"_blank\" rel=\"noreferrer noopener\">www.ifit.li<\/a> (Webserver iFIT Liechtenstein), <a href=\"https:\/\/news.ifit.li\/\" target=\"_blank\" rel=\"noreferrer noopener\">news.ifit.li<\/a> (Webserver iFIT News), <a href=\"https:\/\/ifit.at\/\" target=\"_blank\" rel=\"noreferrer noopener\">ifit.at<\/a> (Webserver iFIT Austria mit Mail Server @ifit.at), <a href=\"https:\/\/ifit.click\" target=\"_blank\" rel=\"noreferrer noopener\">ifit.click<\/a> (Webserver iFIT Click mit Mail Server @ifit.click) und <a href=\"https:\/\/website.ifit.li\/\" target=\"_blank\" rel=\"noreferrer noopener\">website.ifit.li<\/a> (Webserver iFIT Kirchenportal), alle Webserver sind zertifiziert je mit <a href=\"https:\/\/letsencrypt.org\/\" target=\"_blank\" rel=\"noreferrer noopener\">Let&#8217;s Encrypt<\/a>, <a href=\"https:\/\/en.wikipedia.org\/wiki\/HTTPS\" target=\"_blank\" rel=\"noreferrer noopener\">HTTPS<\/a>, <a href=\"https:\/\/de.wikipedia.org\/wiki\/HTTP_Strict_Transport_Security\" target=\"_blank\" rel=\"noreferrer noopener\">HSTS<\/a>). M\u00f6gliche Anleitung f\u00fcr Webserver siehe <a href=\"https:\/\/www.randombrick.de\/raspberry-pi-wordpress-website-mit-eigener-domain-hosten\/\" target=\"_blank\" rel=\"noreferrer noopener\">Raspberry Pi: WordPress Website mit eigener Domain hosten<\/a>.<\/li>\n\n\n\n<li>Mail-in-a-Box AMD 64-Bit Mailserver <a href=\"mailto:web@ifit.ch\/\" target=\"_blank\" rel=\"noreferrer noopener\">web@ifit.ch<\/a>, <a href=\"mailto:web@ifit.at\" target=\"_blank\" rel=\"noreferrer noopener\">web@ifit.at<\/a> und <a href=\"mailto:web@ifit.click\" target=\"_blank\" rel=\"noreferrer noopener\">web@ifit.click<\/a>, alle drei &#8211; wie oben erw\u00e4hnt &#8211; auch als Webserver iFIT Schweiz, iFIT Austria und iFIT Click, je mit <a href=\"https:\/\/letsencrypt.org\/\" target=\"_blank\" rel=\"noreferrer noopener\">Let&#8217;s Encrypt<\/a>, <a href=\"https:\/\/en.wikipedia.org\/wiki\/HTTPS\" target=\"_blank\" rel=\"noreferrer noopener\">HTTPS<\/a>, <a href=\"https:\/\/de.wikipedia.org\/wiki\/HTTP_Strict_Transport_Security\" target=\"_blank\" rel=\"noreferrer noopener\">HSTS<\/a>.<\/li>\n\n\n\n<li>Eigene <a rel=\"noreferrer noopener\" href=\"https:\/\/nextcloud.com\/\" target=\"_blank\">Nextcloud<\/a>s a) <a href=\"https:\/\/my.ifit.space\/\" target=\"_blank\" rel=\"noreferrer noopener\">my.ifit.space<\/a> mit Ubuntu Server 22.04 LTS und b) <a rel=\"noreferrer noopener\" href=\"https:\/\/nc.ifit.space\" target=\"_blank\">nc.ifit.space<\/a> mit Ubuntu Server 22.04 LTS. Beide Nextclouds basieren auf <a rel=\"noreferrer noopener\" href=\"https:\/\/letsencrypt.org\/\" target=\"_blank\">Let&#8217;s Encrypt<\/a>-Zertifizierung, <a rel=\"noreferrer noopener\" href=\"https:\/\/en.wikipedia.org\/wiki\/HTTPS\" target=\"_blank\">HTTPS<\/a>, <a rel=\"noreferrer noopener\" href=\"https:\/\/de.wikipedia.org\/wiki\/HTTP_Strict_Transport_Security\" target=\"_blank\">HSTS<\/a> (siehe <a rel=\"noreferrer noopener\" href=\"https:\/\/www.youtube.com\/watch?v=2OsNGj2n2zc&amp;t=554s\" target=\"_blank\">Tutorial<\/a> neu 2022 oder <a rel=\"noreferrer noopener\" href=\"https:\/\/www.youtube.com\/watch?v=BdVPU-HZGHk\" target=\"_blank\">Tutorial<\/a>).<\/li>\n\n\n\n<li>Teste die kleine Nextcloud <a rel=\"noreferrer noopener\" href=\"https:\/\/nc.ifit.space\" target=\"_blank\">nc.ifit.space<\/a>, indem du dich selbst registrierst und sowohl Nextcloud (Dateien) als auch Talk (Audio\/Video\/Chat) oder <a rel=\"noreferrer noopener\" href=\"https:\/\/de.wikipedia.org\/wiki\/Digital_Living_Network_Alliance\" target=\"_blank\">DLNA<\/a> (Mediaserver) ausprobierst. Der Account muss allerdings durch den Administrator freigegeben werden (Achtung: eMail-Domain-Restriktion). Ausserdem ist auf der kleinen <a rel=\"noreferrer noopener\" href=\"https:\/\/www.youtube.com\/watch?v=7LT6frqcq44\" target=\"_blank\">Nextcloud DLNA<\/a> aktiviert, womit Nextcloud Dateien auf dem PC oder Fernseher auch weltweit(!) betrachtet werden k\u00f6nnen.<\/li>\n\n\n\n<li>Eigene <a rel=\"noreferrer noopener\" href=\"https:\/\/de.wikipedia.org\/wiki\/Network_Attached_Storage\" target=\"_blank\">NAS<\/a> basierend auf <a rel=\"noreferrer noopener\" href=\"https:\/\/www.openmediavault.org\/\" target=\"_blank\">OMV<\/a> und\/oder einfach <a rel=\"noreferrer noopener\" href=\"https:\/\/de.wikipedia.org\/wiki\/Samba_(Software)\" target=\"_blank\">Samba<\/a> (SMB\/Cifs) oder Synology DMS. Anleitungen siehe <a rel=\"noreferrer noopener\" href=\"https:\/\/quidsup.net\/tutorials\/?p=pi-nas#1-overview\" target=\"_blank\">Tutorial &#171;How to build a Raspberry Pi NAS&#187;<\/a> oder <a>How to Setup a Raspberry Pi Samba Server<\/a>.<\/li>\n\n\n\n<li>Diverse Experimente mit Blockchain, Mainnet und Lightning LND (i.M. sistiert). Anleitungen siehe a) <a rel=\"noreferrer noopener\" href=\"https:\/\/stadicus.github.io\/RaspiBolt\/\" target=\"_blank\">Tutorial &#171;RaspiBolt&#187;<\/a> und b) <a rel=\"noreferrer noopener\" href=\"https:\/\/github.com\/rootzoll\/raspiblitz#downloading-the-software\" target=\"_blank\">Tutorial &#171;RaspiBlitz&#187;<\/a>.<\/li>\n<\/ul>\n\n\n\n<h2 class=\"wp-block-heading\">Publikationsbeispiele \u2026<\/h2>\n\n\n\n<h3 class=\"wp-block-heading\">A1. Interviews (Video\/PDF) auf <a rel=\"noreferrer noopener\" href=\"https:\/\/website.ifit.li\" target=\"_blank\">iFIT Website<\/a><\/h3>\n\n\n\n<ul class=\"wp-block-list\">\n<li><a href=\"https:\/\/website.ifit.li\/?p=4096\">Authentische Zeugnisse von Computerpionieren der 90er Jahre<\/a><\/li>\n<\/ul>\n\n\n\n<h3 class=\"wp-block-heading\">A2. Interviews (Video\/PDF) auf <a rel=\"noreferrer noopener\" href=\"https:\/\/www.ifit.at\/\" target=\"_blank\">iFIT Austria<\/a> (\u00fcberarbeitet)<\/h3>\n\n\n\n<ul class=\"wp-block-list\">\n<li><a href=\"https:\/\/ifit.at\/?p=70\" data-type=\"URL\" data-id=\"https:\/\/www.ifit.at\/?p=70\" target=\"_blank\" rel=\"noreferrer noopener\">Authentische Zeugnisse von Computerpionieren der 90er Jahre<\/a><\/li>\n<\/ul>\n\n\n\n<h3 class=\"wp-block-heading\">B.   Interviews (nur PDFs)<\/h3>\n\n\n\n<ul class=\"wp-block-list\">\n<li>OUTPUT Nr. 06\/1991: <strong>Edward Yourdon<\/strong>: <a rel=\"noreferrer noopener\" href=\"https:\/\/website.ifit.li\/wp-content\/uploads\/2014\/11\/Ed-Yourdon.pdf\" target=\"_blank\">Case, Object-oriented Analysis and Reusability<\/a><\/li>\n\n\n\n<li>OUTPUT Nr. 09\/1991: Interview mit Prof. <strong>C.A. Zehnder<\/strong>: <a rel=\"noreferrer noopener\" href=\"https:\/\/website.ifit.li\/wp-content\/uploads\/2014\/11\/Carl-A.-Zehnder.pdf\" target=\"_blank\">Wege der Informatikausbildung<\/a><\/li>\n\n\n\n<li>OUTPUT Nr. 11\/1991: Interview mit Dr. <strong>A.I. Wasserman<\/strong>: <a rel=\"noreferrer noopener\" href=\"https:\/\/website.ifit.li\/wp-content\/uploads\/2014\/11\/Anthony-I.-Wasserman.pdf\" target=\"_blank\">Software engineering and Case environments<\/a><\/li>\n\n\n\n<li>OUTPUT Nr. 01\/1992: Interview mit&nbsp;Prof. Dr. <strong>Konrad Zuse<\/strong>: <a rel=\"noreferrer noopener\" href=\"https:\/\/website.ifit.li\/wp-content\/uploads\/2014\/11\/Konrad-Zuse.pdf\" target=\"_blank\">\u00abWer immer strebend sich bem\u00fcht, den k\u00f6nnen wir erl\u00f6sen\u00bb<\/a><\/li>\n\n\n\n<li>OUTPUT Nr. 03\/1992: Interview mit&nbsp;Prof. Dr. <strong>Frederick P. Brooks<\/strong>: <a rel=\"noreferrer noopener\" href=\"https:\/\/website.ifit.li\/wp-content\/uploads\/2014\/11\/Frederick-Brooks.pdf\" target=\"_blank\">A Humanistic Computer Pioneer<\/a><\/li>\n\n\n\n<li>OUTPUT Nr. 07\/1992: Interview mit&nbsp;Prof. <strong>Nadia Thalmann<\/strong>: <a rel=\"noreferrer noopener\" href=\"https:\/\/website.ifit.li\/wp-content\/uploads\/2014\/11\/Nadia-Magnenat-Thalmann.pdf\" target=\"_blank\">Die hohe Kunst der Computeranimation<\/a><\/li>\n\n\n\n<li>OUTPUT Nr. 08\/1992: Interview mit&nbsp;Prof. <strong>Stan Davis<\/strong>: <a rel=\"noreferrer noopener\" href=\"https:\/\/website.ifit.li\/wp-content\/uploads\/2016\/08\/OP-Nr.-08-1992-Interview-Prof.-Stan-Davis.pdf\" target=\"_blank\">Tomorrow\u2019s businesses today<\/a><\/li>\n\n\n\n<li>OUTPUT Nr. 11\/1991: Editorial von <strong>Louis A. Venetz<\/strong>: <a rel=\"noreferrer noopener\" href=\"https:\/\/website.ifit.li\/wp-content\/uploads\/2016\/08\/OP-Nr.-11-1991-Editorial.pdf\" target=\"_blank\">Noch ist es ein weiter Weg!<\/a><\/li>\n\n\n\n<li>TELEMATIK Spektrum Nr. 1\/1995: Artikel von <strong>Louis A. Venetz<\/strong>: <a rel=\"noreferrer noopener\" href=\"https:\/\/website.ifit.li\/?attachment_id=6842\" target=\"_blank\">TS Nr. 1\/1995 Medienserver gibt Zugang frei f\u00fcr die \u00d6ffentlichkeit<\/a><\/li>\n\n\n\n<li>TELEMATIK Spektrum Nr. 4\/1994:&nbsp;Editorial <strong>Louis A. Venetz<\/strong>: <a rel=\"noreferrer noopener\" href=\"https:\/\/website.ifit.li\/wp-content\/uploads\/2016\/08\/TS-Nr.-4-1994-Editorial-Louis-A.-Venetz.pdf\" target=\"_blank\">Air-Time ist kostbar<\/a><\/li>\n\n\n\n<li>TELEMATIK Spektrum Nr. 4\/1994: Interview mit Prof. Dr. <strong>Niklaus Wirth<\/strong>: <a rel=\"noreferrer noopener\" href=\"https:\/\/website.ifit.li\/?p=4136\" target=\"_blank\">Erfinder von Pascal, Modula und Oberon auch Telematikpionier<\/a><\/li>\n\n\n\n<li>TELEMATIK Spektrum Nr. 4\/1994: Interview von&nbsp;<strong>Benny Hanigal<\/strong>: <a rel=\"noreferrer noopener\" href=\"https:\/\/website.ifit.li\/wp-content\/uploads\/2016\/08\/TS-Nr.-4-1994-Interview-Benny-Hanigal.pdf\" target=\"_blank\">Switching-Technik von Lannet fruchtet Erfolge<\/a><\/li>\n\n\n\n<li>TELEMATIK Spektrum Nr. 1\/1995: Interview <strong>Jo\u00ebl S. Birnbaum<\/strong>, Hewlett-Packard:&nbsp;<a rel=\"noreferrer noopener\" href=\"https:\/\/website.ifit.li\/?attachment_id=6846\" target=\"_blank\">In Industrie und Forschung wollen viele kein \u00abPapier\u00bb mehr!<\/a><\/li>\n\n\n\n<li>Seminararbeit 2001 NDK\/CAS Informationsysteme, ETH Z\u00fcrich: <a rel=\"noreferrer noopener\" href=\"https:\/\/website.ifit.li\/wp-content\/uploads\/2014\/11\/Public-Key-Infrastructures.pdf\" target=\"_blank\">Public Key Infrastructures (PKI)<\/a><\/li>\n<\/ul>\n\n\n\n<h2 class=\"wp-block-heading\">Kontaktadresse<\/h2>\n\n\n\n<p>Institut f\u00fcr Internet Technologie (<a href=\"https:\/\/ifit.ch\/\" target=\"_blank\" rel=\"noreferrer noopener\">iFIT<\/a>)<br>Louis A. Venetz<br>Dipl. Ing. FH in Systemtechnik<br>Freier Fachjournalist BR (<a rel=\"noreferrer noopener\" href=\"https:\/\/www.fachjournalisten.org\/about\/\" target=\"_blank\">VIF<\/a>, <a rel=\"noreferrer noopener\" href=\"http:\/\/www.sfj-ajs.ch\/de\/home\/\" target=\"_blank\">SJF<\/a>)<br>Oberdierikonerstrasse 7<br>CH-6030 <strong>Ebikon<\/strong><\/p>\n\n\n\n<p><a href=\"mailto:web@ifit.ch\" target=\"_blank\" rel=\"noreferrer noopener\">Webmaster<\/a> (Click on &#171;Webmaster&#187; to send an eMail)<br>\u00a9 Copyright 2003-2023 (20 Jahre) by <a rel=\"noreferrer noopener\" href=\"https:\/\/ifit.ch\/\" target=\"_blank\">iFIT<\/a>.<\/p>\n\n\n\n<p><\/p>\n","protected":false},"excerpt":{"rendered":"<p>21 JahreInstitut f\u00fcr Internet Technologie (iFIT) Informatik-Infrastruktur &#8230; Raspberry Pi \u00b5Projekte &#8230; Publikationsbeispiele \u2026 A1. Interviews (Video\/PDF) auf iFIT Website A2. Interviews (Video\/PDF) auf iFIT Austria (\u00fcberarbeitet) B. Interviews (nur PDFs) Kontaktadresse Institut f\u00fcr Internet Technologie (iFIT)Louis A. VenetzDipl. Ing. FH in SystemtechnikFreier Fachjournalist BR (VIF, SJF)Oberdierikonerstrasse 7CH-6030 Ebikon Webmaster (Click on &#171;Webmaster&#187; to send &hellip; <a href=\"https:\/\/website.ifit.li\/?page_id=2\" class=\"more-link\"><span class=\"screen-reader-text\">Impressum<\/span> weiterlesen <span class=\"meta-nav\">&rarr;<\/span><\/a><\/p>\n","protected":false},"author":1,"featured_media":8631,"parent":0,"menu_order":0,"comment_status":"closed","ping_status":"closed","template":"","meta":{"footnotes":""},"class_list":["post-2","page","type-page","status-publish","has-post-thumbnail","hentry"],"_links":{"self":[{"href":"https:\/\/website.ifit.li\/index.php?rest_route=\/wp\/v2\/pages\/2","targetHints":{"allow":["GET"]}}],"collection":[{"href":"https:\/\/website.ifit.li\/index.php?rest_route=\/wp\/v2\/pages"}],"about":[{"href":"https:\/\/website.ifit.li\/index.php?rest_route=\/wp\/v2\/types\/page"}],"author":[{"embeddable":true,"href":"https:\/\/website.ifit.li\/index.php?rest_route=\/wp\/v2\/users\/1"}],"replies":[{"embeddable":true,"href":"https:\/\/website.ifit.li\/index.php?rest_route=%2Fwp%2Fv2%2Fcomments&post=2"}],"version-history":[{"count":2,"href":"https:\/\/website.ifit.li\/index.php?rest_route=\/wp\/v2\/pages\/2\/revisions"}],"predecessor-version":[{"id":39323,"href":"https:\/\/website.ifit.li\/index.php?rest_route=\/wp\/v2\/pages\/2\/revisions\/39323"}],"wp:featuredmedia":[{"embeddable":true,"href":"https:\/\/website.ifit.li\/index.php?rest_route=\/"}],"wp:attachment":[{"href":"https:\/\/website.ifit.li\/index.php?rest_route=%2Fwp%2Fv2%2Fmedia&parent=2"}],"curies":[{"name":"wp","href":"https:\/\/api.w.org\/{rel}","templated":true}]}}